{"id":1131,"date":"2014-06-05T12:12:14","date_gmt":"2014-06-05T12:12:14","guid":{"rendered":"http:\/\/quarone.com.ar\/?page_id=1131"},"modified":"2021-02-23T21:11:34","modified_gmt":"2021-02-23T21:11:34","slug":"austral-ms","status":"publish","type":"page","link":"https:\/\/quarone.com.ar\/?page_id=1131","title":{"rendered":"Austral MS"},"content":{"rendered":"\t\t<div data-elementor-type=\"wp-page\" data-elementor-id=\"1131\" class=\"elementor elementor-1131\" data-elementor-settings=\"[]\">\n\t\t\t\t\t\t<div class=\"elementor-inner\">\n\t\t\t\t\t\t\t<div class=\"elementor-section-wrap\">\n\t\t\t\t\t\t\t<section class=\"elementor-section elementor-top-section elementor-element elementor-element-4f0fa73 elementor-section-height-min-height elementor-section-content-middle elementor-section-boxed elementor-section-height-default elementor-section-items-middle\" data-id=\"4f0fa73\" data-element_type=\"section\" data-settings=\"{&quot;background_background&quot;:&quot;classic&quot;}\">\n\t\t\t\t\t\t<div class=\"elementor-container elementor-column-gap-default\">\n\t\t\t\t\t\t\t<div class=\"elementor-row\">\n\t\t\t\t\t<div class=\"elementor-column elementor-col-100 elementor-top-column elementor-element elementor-element-c587134\" data-id=\"c587134\" data-element_type=\"column\">\n\t\t\t<div class=\"elementor-column-wrap\">\n\t\t\t\t\t\t\t<div class=\"elementor-widget-wrap\">\n\t\t\t\t\t\t\t\t<\/div>\n\t\t\t\t\t<\/div>\n\t\t<\/div>\n\t\t\t\t\t\t\t\t<\/div>\n\t\t\t\t\t<\/div>\n\t\t<\/section>\n\t\t\t\t<section class=\"elementor-section elementor-top-section elementor-element elementor-element-697a11a elementor-section-height-min-height elementor-section-boxed elementor-section-height-default elementor-section-items-middle\" data-id=\"697a11a\" data-element_type=\"section\">\n\t\t\t\t\t\t<div class=\"elementor-container elementor-column-gap-default\">\n\t\t\t\t\t\t\t<div class=\"elementor-row\">\n\t\t\t\t\t<div class=\"elementor-column elementor-col-100 elementor-top-column elementor-element elementor-element-9c76161\" data-id=\"9c76161\" data-element_type=\"column\">\n\t\t\t<div class=\"elementor-column-wrap elementor-element-populated\">\n\t\t\t\t\t\t\t<div class=\"elementor-widget-wrap\">\n\t\t\t\t\t\t<section class=\"elementor-section elementor-inner-section elementor-element elementor-element-624edd2 elementor-section-boxed elementor-section-height-default elementor-section-height-default\" data-id=\"624edd2\" data-element_type=\"section\">\n\t\t\t\t\t\t<div class=\"elementor-container elementor-column-gap-default\">\n\t\t\t\t\t\t\t<div class=\"elementor-row\">\n\t\t\t\t\t<div class=\"elementor-column elementor-col-25 elementor-inner-column elementor-element elementor-element-777a3d1\" data-id=\"777a3d1\" data-element_type=\"column\">\n\t\t\t<div class=\"elementor-column-wrap elementor-element-populated\">\n\t\t\t\t\t\t\t<div class=\"elementor-widget-wrap\">\n\t\t\t\t\t\t<div class=\"elementor-element elementor-element-60a9aae elementor-widget elementor-widget-text-editor\" data-id=\"60a9aae\" data-element_type=\"widget\" data-widget_type=\"text-editor.default\">\n\t\t\t\t<div class=\"elementor-widget-container\">\n\t\t\t\t\t<div class=\"elementor-text-editor elementor-clearfix\"><p>Client:<\/p><\/div>\n\t\t\t\t<\/div>\n\t\t\t\t<\/div>\n\t\t\t\t<div class=\"elementor-element elementor-element-0a1be23 elementor-widget elementor-widget-heading\" data-id=\"0a1be23\" data-element_type=\"widget\" data-widget_type=\"heading.default\">\n\t\t\t\t<div class=\"elementor-widget-container\">\n\t\t\t<h6 class=\"elementor-heading-title elementor-size-default\">AUSTRAL MS<\/h6>\t\t<\/div>\n\t\t\t\t<\/div>\n\t\t\t\t\t\t<\/div>\n\t\t\t\t\t<\/div>\n\t\t<\/div>\n\t\t\t\t<div class=\"elementor-column elementor-col-25 elementor-inner-column elementor-element elementor-element-df675d6\" data-id=\"df675d6\" data-element_type=\"column\">\n\t\t\t<div class=\"elementor-column-wrap elementor-element-populated\">\n\t\t\t\t\t\t\t<div class=\"elementor-widget-wrap\">\n\t\t\t\t\t\t<div class=\"elementor-element elementor-element-b78bd6c elementor-widget elementor-widget-text-editor\" data-id=\"b78bd6c\" data-element_type=\"widget\" data-widget_type=\"text-editor.default\">\n\t\t\t\t<div class=\"elementor-widget-container\">\n\t\t\t\t\t<div class=\"elementor-text-editor elementor-clearfix\"><p>Product:<\/p><\/div>\n\t\t\t\t<\/div>\n\t\t\t\t<\/div>\n\t\t\t\t<div class=\"elementor-element elementor-element-bf081ba elementor-widget elementor-widget-heading\" data-id=\"bf081ba\" data-element_type=\"widget\" data-widget_type=\"heading.default\">\n\t\t\t\t<div class=\"elementor-widget-container\">\n\t\t\t<h6 class=\"elementor-heading-title elementor-size-default\">AUSTRAL MS<\/h6>\t\t<\/div>\n\t\t\t\t<\/div>\n\t\t\t\t\t\t<\/div>\n\t\t\t\t\t<\/div>\n\t\t<\/div>\n\t\t\t\t<div class=\"elementor-column elementor-col-25 elementor-inner-column elementor-element elementor-element-136d2c3\" data-id=\"136d2c3\" data-element_type=\"column\">\n\t\t\t<div class=\"elementor-column-wrap elementor-element-populated\">\n\t\t\t\t\t\t\t<div class=\"elementor-widget-wrap\">\n\t\t\t\t\t\t<div class=\"elementor-element elementor-element-c332eed elementor-widget elementor-widget-text-editor\" data-id=\"c332eed\" data-element_type=\"widget\" data-widget_type=\"text-editor.default\">\n\t\t\t\t<div class=\"elementor-widget-container\">\n\t\t\t\t\t<div class=\"elementor-text-editor elementor-clearfix\"><p>Work:<\/p><\/div>\n\t\t\t\t<\/div>\n\t\t\t\t<\/div>\n\t\t\t\t<div class=\"elementor-element elementor-element-aa6460f elementor-widget elementor-widget-heading\" data-id=\"aa6460f\" data-element_type=\"widget\" data-widget_type=\"heading.default\">\n\t\t\t\t<div class=\"elementor-widget-container\">\n\t\t\t<h6 class=\"elementor-heading-title elementor-size-default\">Branding \/ Graphic Design<\/h6>\t\t<\/div>\n\t\t\t\t<\/div>\n\t\t\t\t\t\t<\/div>\n\t\t\t\t\t<\/div>\n\t\t<\/div>\n\t\t\t\t<div class=\"elementor-column elementor-col-25 elementor-inner-column elementor-element elementor-element-e961190\" data-id=\"e961190\" data-element_type=\"column\">\n\t\t\t<div class=\"elementor-column-wrap elementor-element-populated\">\n\t\t\t\t\t\t\t<div class=\"elementor-widget-wrap\">\n\t\t\t\t\t\t<div class=\"elementor-element elementor-element-bc5401f elementor-widget elementor-widget-text-editor\" data-id=\"bc5401f\" data-element_type=\"widget\" data-widget_type=\"text-editor.default\">\n\t\t\t\t<div class=\"elementor-widget-container\">\n\t\t\t\t\t<div class=\"elementor-text-editor elementor-clearfix\"><p>Date:<\/p><\/div>\n\t\t\t\t<\/div>\n\t\t\t\t<\/div>\n\t\t\t\t<div class=\"elementor-element elementor-element-0bdb1ab elementor-widget elementor-widget-heading\" data-id=\"0bdb1ab\" data-element_type=\"widget\" data-widget_type=\"heading.default\">\n\t\t\t\t<div class=\"elementor-widget-container\">\n\t\t\t<h6 class=\"elementor-heading-title elementor-size-default\">JAN 2014<\/h6>\t\t<\/div>\n\t\t\t\t<\/div>\n\t\t\t\t\t\t<\/div>\n\t\t\t\t\t<\/div>\n\t\t<\/div>\n\t\t\t\t\t\t\t\t<\/div>\n\t\t\t\t\t<\/div>\n\t\t<\/section>\n\t\t\t\t<div class=\"elementor-element elementor-element-3823b31 elementor-widget elementor-widget-text-editor\" data-id=\"3823b31\" data-element_type=\"widget\" data-widget_type=\"text-editor.default\">\n\t\t\t\t<div class=\"elementor-widget-container\">\n\t\t\t\t\t<div class=\"elementor-text-editor elementor-clearfix\"><h4 style=\"text-align: center;\"><span style=\"color: #999999;\">Austral MS es una empresa Argentina que fabrica monocascos modulares auto portantes de usos m\u00faltiples.<\/span><\/h4><\/div>\n\t\t\t\t<\/div>\n\t\t\t\t<\/div>\n\t\t\t\t\t\t<\/div>\n\t\t\t\t\t<\/div>\n\t\t<\/div>\n\t\t\t\t\t\t\t\t<\/div>\n\t\t\t\t\t<\/div>\n\t\t<\/section>\n\t\t\t\t<section class=\"elementor-section elementor-top-section elementor-element elementor-element-b455a01 elementor-section-height-min-height elementor-section-items-stretch elementor-section-boxed elementor-section-height-default\" data-id=\"b455a01\" data-element_type=\"section\" data-settings=\"{&quot;background_background&quot;:&quot;classic&quot;}\">\n\t\t\t\t\t\t\t<div class=\"elementor-background-overlay\"><\/div>\n\t\t\t\t\t\t\t<div class=\"elementor-container elementor-column-gap-default\">\n\t\t\t\t\t\t\t<div class=\"elementor-row\">\n\t\t\t\t\t<div class=\"elementor-column elementor-col-100 elementor-top-column elementor-element elementor-element-dce601d\" data-id=\"dce601d\" data-element_type=\"column\">\n\t\t\t<div class=\"elementor-column-wrap elementor-element-populated\">\n\t\t\t\t\t\t\t<div class=\"elementor-widget-wrap\">\n\t\t\t\t\t\t<section class=\"elementor-section elementor-inner-section elementor-element elementor-element-323188b elementor-section-boxed elementor-section-height-default elementor-section-height-default\" data-id=\"323188b\" data-element_type=\"section\">\n\t\t\t\t\t\t<div class=\"elementor-container elementor-column-gap-default\">\n\t\t\t\t\t\t\t<div class=\"elementor-row\">\n\t\t\t\t\t<div class=\"elementor-column elementor-col-50 elementor-inner-column elementor-element elementor-element-dbeda06\" data-id=\"dbeda06\" data-element_type=\"column\">\n\t\t\t<div class=\"elementor-column-wrap elementor-element-populated\">\n\t\t\t\t\t\t\t<div class=\"elementor-widget-wrap\">\n\t\t\t\t\t\t<div class=\"elementor-element elementor-element-a2a7aa9 elementor-widget elementor-widget-text-editor\" data-id=\"a2a7aa9\" data-element_type=\"widget\" data-widget_type=\"text-editor.default\">\n\t\t\t\t<div class=\"elementor-widget-container\">\n\t\t\t\t\t<div class=\"elementor-text-editor elementor-clearfix\"><p>BRANDING &amp; IDENTITY<\/p><\/div>\n\t\t\t\t<\/div>\n\t\t\t\t<\/div>\n\t\t\t\t<div class=\"elementor-element elementor-element-b5a9779 elementor-widget elementor-widget-heading\" data-id=\"b5a9779\" data-element_type=\"widget\" data-widget_type=\"heading.default\">\n\t\t\t\t<div class=\"elementor-widget-container\">\n\t\t\t<h1 class=\"elementor-heading-title elementor-size-xxl\">Austral MS fabrica monocascos modulares auto portantes de usos m\u00faltiples.<\/h1>\t\t<\/div>\n\t\t\t\t<\/div>\n\t\t\t\t\t\t<\/div>\n\t\t\t\t\t<\/div>\n\t\t<\/div>\n\t\t\t\t<div class=\"elementor-column elementor-col-50 elementor-inner-column elementor-element elementor-element-26d4266\" data-id=\"26d4266\" data-element_type=\"column\">\n\t\t\t<div class=\"elementor-column-wrap elementor-element-populated\">\n\t\t\t\t\t\t\t<div class=\"elementor-widget-wrap\">\n\t\t\t\t\t\t<div class=\"elementor-element elementor-element-ed93bef elementor-widget elementor-widget-text-editor\" data-id=\"ed93bef\" data-element_type=\"widget\" data-widget_type=\"text-editor.default\">\n\t\t\t\t<div class=\"elementor-widget-container\">\n\t\t\t\t\t<div class=\"elementor-text-editor elementor-clearfix\"><h4 style=\"text-align: left;\"><span style=\"color: #ffffff;\">Sus m\u00f3dulos pueden ser transportados por medio de veh\u00edculos todoterreno que luego de ser descargados cuentan con capacidades para permanecer operativos en forma aut\u00f3noma.<\/span><\/h4>\n<p style=\"text-align: left;\"><span id=\"docs-internal-guid-4e79e6e6-7fff-a8b7-896d-7ea845cd8ade\" style=\"color: #ffffff;\">Su moderno dise\u00f1o permite que un solo operario puede montar y desmontar el m\u00f3dulo, brindando flexibilidad y reduciendo el costo de utilidad por unidad. Estuve a cargo de la direcci\u00f3n de arte, desarrollo de marca y folleteria. Tambi\u00e9n participe en el dise\u00f1o y desarrollo de la gr\u00e1fica vehicular para las diversas opciones de uso. M\u00f3dulo Vivienda, Trabajo y Asistencia.\n<\/span><\/p><\/div>\n\t\t\t\t<\/div>\n\t\t\t\t<\/div>\n\t\t\t\t\t\t<\/div>\n\t\t\t\t\t<\/div>\n\t\t<\/div>\n\t\t\t\t\t\t\t\t<\/div>\n\t\t\t\t\t<\/div>\n\t\t<\/section>\n\t\t\t\t<section class=\"elementor-section elementor-inner-section elementor-element elementor-element-42b21d1 elementor-section-boxed elementor-section-height-default elementor-section-height-default\" data-id=\"42b21d1\" data-element_type=\"section\">\n\t\t\t\t\t\t<div class=\"elementor-container elementor-column-gap-default\">\n\t\t\t\t\t\t\t<div class=\"elementor-row\">\n\t\t\t\t\t<div class=\"elementor-column elementor-col-100 elementor-inner-column elementor-element elementor-element-d7efeaf\" data-id=\"d7efeaf\" data-element_type=\"column\">\n\t\t\t<div class=\"elementor-column-wrap elementor-element-populated\">\n\t\t\t\t\t\t\t<div class=\"elementor-widget-wrap\">\n\t\t\t\t\t\t<div class=\"elementor-element elementor-element-e9c8e0f elementor-widget-divider--view-line elementor-widget elementor-widget-divider\" data-id=\"e9c8e0f\" data-element_type=\"widget\" data-widget_type=\"divider.default\">\n\t\t\t\t<div class=\"elementor-widget-container\">\n\t\t\t\t\t<div class=\"elementor-divider\">\n\t\t\t<span class=\"elementor-divider-separator\">\n\t\t\t\t\t\t<\/span>\n\t\t<\/div>\n\t\t\t\t<\/div>\n\t\t\t\t<\/div>\n\t\t\t\t<div class=\"elementor-element elementor-element-6d9dbce elementor-widget elementor-widget-image\" data-id=\"6d9dbce\" data-element_type=\"widget\" data-widget_type=\"image.default\">\n\t\t\t\t<div class=\"elementor-widget-container\">\n\t\t\t\t\t<div class=\"elementor-image\">\n\t\t\t\t\t\t\t\t\t\t<img width=\"1024\" height=\"768\" src=\"https:\/\/quarone.com.ar\/wp-content\/uploads\/2020\/10\/AUSTRAL-03-1024x768.jpg\" class=\"attachment-large size-large\" alt=\"\" loading=\"lazy\" srcset=\"https:\/\/quarone.com.ar\/wp-content\/uploads\/2020\/10\/AUSTRAL-03-1024x768.jpg 1024w, https:\/\/quarone.com.ar\/wp-content\/uploads\/2020\/10\/AUSTRAL-03-300x225.jpg 300w, https:\/\/quarone.com.ar\/wp-content\/uploads\/2020\/10\/AUSTRAL-03-768x576.jpg 768w, https:\/\/quarone.com.ar\/wp-content\/uploads\/2020\/10\/AUSTRAL-03.jpg 1200w\" sizes=\"(max-width: 1024px) 100vw, 1024px\" \/>\t\t\t\t\t\t\t\t\t\t\t<\/div>\n\t\t\t\t<\/div>\n\t\t\t\t<\/div>\n\t\t\t\t<div class=\"elementor-element elementor-element-8d0bf47 elementor-widget elementor-widget-image\" data-id=\"8d0bf47\" data-element_type=\"widget\" data-widget_type=\"image.default\">\n\t\t\t\t<div class=\"elementor-widget-container\">\n\t\t\t\t\t<div class=\"elementor-image\">\n\t\t\t\t\t\t\t\t\t\t<img width=\"1024\" height=\"768\" src=\"https:\/\/quarone.com.ar\/wp-content\/uploads\/2020\/10\/AUSTRAL-02-1024x768.jpg\" class=\"attachment-large size-large\" alt=\"\" loading=\"lazy\" srcset=\"https:\/\/quarone.com.ar\/wp-content\/uploads\/2020\/10\/AUSTRAL-02-1024x768.jpg 1024w, https:\/\/quarone.com.ar\/wp-content\/uploads\/2020\/10\/AUSTRAL-02-300x225.jpg 300w, https:\/\/quarone.com.ar\/wp-content\/uploads\/2020\/10\/AUSTRAL-02-768x576.jpg 768w, https:\/\/quarone.com.ar\/wp-content\/uploads\/2020\/10\/AUSTRAL-02.jpg 1200w\" sizes=\"(max-width: 1024px) 100vw, 1024px\" \/>\t\t\t\t\t\t\t\t\t\t\t<\/div>\n\t\t\t\t<\/div>\n\t\t\t\t<\/div>\n\t\t\t\t<div class=\"elementor-element elementor-element-db833f5 elementor-widget elementor-widget-image\" data-id=\"db833f5\" data-element_type=\"widget\" data-widget_type=\"image.default\">\n\t\t\t\t<div class=\"elementor-widget-container\">\n\t\t\t\t\t<div class=\"elementor-image\">\n\t\t\t\t\t\t\t\t\t\t<img width=\"1024\" height=\"585\" src=\"https:\/\/quarone.com.ar\/wp-content\/uploads\/2020\/10\/AUSTRAL-01-1024x585.jpg\" class=\"attachment-large size-large\" alt=\"\" loading=\"lazy\" srcset=\"https:\/\/quarone.com.ar\/wp-content\/uploads\/2020\/10\/AUSTRAL-01-1024x585.jpg 1024w, https:\/\/quarone.com.ar\/wp-content\/uploads\/2020\/10\/AUSTRAL-01-300x172.jpg 300w, https:\/\/quarone.com.ar\/wp-content\/uploads\/2020\/10\/AUSTRAL-01-768x439.jpg 768w, https:\/\/quarone.com.ar\/wp-content\/uploads\/2020\/10\/AUSTRAL-01.jpg 1200w\" sizes=\"(max-width: 1024px) 100vw, 1024px\" \/>\t\t\t\t\t\t\t\t\t\t\t<\/div>\n\t\t\t\t<\/div>\n\t\t\t\t<\/div>\n\t\t\t\t<div class=\"elementor-element elementor-element-ef1a8aa elementor-widget elementor-widget-image\" data-id=\"ef1a8aa\" data-element_type=\"widget\" data-widget_type=\"image.default\">\n\t\t\t\t<div class=\"elementor-widget-container\">\n\t\t\t\t\t<div class=\"elementor-image\">\n\t\t\t\t\t\t\t\t\t\t<img width=\"700\" height=\"200\" src=\"https:\/\/quarone.com.ar\/wp-content\/uploads\/2020\/10\/AUSTRAL-07.jpg\" class=\"attachment-large size-large\" alt=\"\" loading=\"lazy\" srcset=\"https:\/\/quarone.com.ar\/wp-content\/uploads\/2020\/10\/AUSTRAL-07.jpg 700w, https:\/\/quarone.com.ar\/wp-content\/uploads\/2020\/10\/AUSTRAL-07-300x86.jpg 300w\" sizes=\"(max-width: 700px) 100vw, 700px\" \/>\t\t\t\t\t\t\t\t\t\t\t<\/div>\n\t\t\t\t<\/div>\n\t\t\t\t<\/div>\n\t\t\t\t<div class=\"elementor-element elementor-element-ce5fc3d elementor-widget elementor-widget-image\" data-id=\"ce5fc3d\" data-element_type=\"widget\" data-widget_type=\"image.default\">\n\t\t\t\t<div class=\"elementor-widget-container\">\n\t\t\t\t\t<div class=\"elementor-image\">\n\t\t\t\t\t\t\t\t\t\t<img width=\"1024\" height=\"425\" src=\"https:\/\/quarone.com.ar\/wp-content\/uploads\/2020\/10\/AUSTRAL-13-1024x425.png\" class=\"attachment-large size-large\" alt=\"\" loading=\"lazy\" srcset=\"https:\/\/quarone.com.ar\/wp-content\/uploads\/2020\/10\/AUSTRAL-13-1024x425.png 1024w, https:\/\/quarone.com.ar\/wp-content\/uploads\/2020\/10\/AUSTRAL-13-300x125.png 300w, https:\/\/quarone.com.ar\/wp-content\/uploads\/2020\/10\/AUSTRAL-13-768x319.png 768w, https:\/\/quarone.com.ar\/wp-content\/uploads\/2020\/10\/AUSTRAL-13.png 1200w\" sizes=\"(max-width: 1024px) 100vw, 1024px\" \/>\t\t\t\t\t\t\t\t\t\t\t<\/div>\n\t\t\t\t<\/div>\n\t\t\t\t<\/div>\n\t\t\t\t<div class=\"elementor-element elementor-element-816ee6b elementor-widget elementor-widget-image\" data-id=\"816ee6b\" data-element_type=\"widget\" data-widget_type=\"image.default\">\n\t\t\t\t<div class=\"elementor-widget-container\">\n\t\t\t\t\t<div class=\"elementor-image\">\n\t\t\t\t\t\t\t\t\t\t<img width=\"700\" height=\"200\" src=\"https:\/\/quarone.com.ar\/wp-content\/uploads\/2020\/10\/AUSTRAL-09.jpg\" class=\"attachment-large size-large\" alt=\"\" loading=\"lazy\" srcset=\"https:\/\/quarone.com.ar\/wp-content\/uploads\/2020\/10\/AUSTRAL-09.jpg 700w, https:\/\/quarone.com.ar\/wp-content\/uploads\/2020\/10\/AUSTRAL-09-300x86.jpg 300w\" sizes=\"(max-width: 700px) 100vw, 700px\" \/>\t\t\t\t\t\t\t\t\t\t\t<\/div>\n\t\t\t\t<\/div>\n\t\t\t\t<\/div>\n\t\t\t\t<div class=\"elementor-element elementor-element-3078e9b elementor-widget elementor-widget-image\" data-id=\"3078e9b\" data-element_type=\"widget\" data-widget_type=\"image.default\">\n\t\t\t\t<div class=\"elementor-widget-container\">\n\t\t\t\t\t<div class=\"elementor-image\">\n\t\t\t\t\t\t\t\t\t\t<img width=\"1024\" height=\"585\" src=\"https:\/\/quarone.com.ar\/wp-content\/uploads\/2020\/10\/AUSTRAL-13-1024x585.jpg\" class=\"attachment-large size-large\" alt=\"\" loading=\"lazy\" srcset=\"https:\/\/quarone.com.ar\/wp-content\/uploads\/2020\/10\/AUSTRAL-13-1024x585.jpg 1024w, https:\/\/quarone.com.ar\/wp-content\/uploads\/2020\/10\/AUSTRAL-13-300x171.jpg 300w, https:\/\/quarone.com.ar\/wp-content\/uploads\/2020\/10\/AUSTRAL-13-768x439.jpg 768w, https:\/\/quarone.com.ar\/wp-content\/uploads\/2020\/10\/AUSTRAL-13-1536x878.jpg 1536w, https:\/\/quarone.com.ar\/wp-content\/uploads\/2020\/10\/AUSTRAL-13.jpg 1654w\" sizes=\"(max-width: 1024px) 100vw, 1024px\" \/>\t\t\t\t\t\t\t\t\t\t\t<\/div>\n\t\t\t\t<\/div>\n\t\t\t\t<\/div>\n\t\t\t\t<div class=\"elementor-element elementor-element-de54ce6 elementor-widget-divider--view-line elementor-widget elementor-widget-divider\" data-id=\"de54ce6\" data-element_type=\"widget\" data-widget_type=\"divider.default\">\n\t\t\t\t<div class=\"elementor-widget-container\">\n\t\t\t\t\t<div class=\"elementor-divider\">\n\t\t\t<span class=\"elementor-divider-separator\">\n\t\t\t\t\t\t<\/span>\n\t\t<\/div>\n\t\t\t\t<\/div>\n\t\t\t\t<\/div>\n\t\t\t\t\t\t<\/div>\n\t\t\t\t\t<\/div>\n\t\t<\/div>\n\t\t\t\t\t\t\t\t<\/div>\n\t\t\t\t\t<\/div>\n\t\t<\/section>\n\t\t\t\t<div class=\"elementor-element elementor-element-5e62727 elementor-widget elementor-widget-image\" data-id=\"5e62727\" data-element_type=\"widget\" data-widget_type=\"image.default\">\n\t\t\t\t<div class=\"elementor-widget-container\">\n\t\t\t\t\t<div class=\"elementor-image\">\n\t\t\t\t\t\t\t\t\t\t<img width=\"800\" height=\"407\" src=\"https:\/\/quarone.com.ar\/wp-content\/uploads\/2020\/10\/AUSTRAL-11.jpg\" class=\"attachment-full size-full\" alt=\"\" loading=\"lazy\" srcset=\"https:\/\/quarone.com.ar\/wp-content\/uploads\/2020\/10\/AUSTRAL-11.jpg 800w, https:\/\/quarone.com.ar\/wp-content\/uploads\/2020\/10\/AUSTRAL-11-300x153.jpg 300w, https:\/\/quarone.com.ar\/wp-content\/uploads\/2020\/10\/AUSTRAL-11-768x391.jpg 768w\" sizes=\"(max-width: 800px) 100vw, 800px\" \/>\t\t\t\t\t\t\t\t\t\t\t<\/div>\n\t\t\t\t<\/div>\n\t\t\t\t<\/div>\n\t\t\t\t\t\t<\/div>\n\t\t\t\t\t<\/div>\n\t\t<\/div>\n\t\t\t\t\t\t\t\t<\/div>\n\t\t\t\t\t<\/div>\n\t\t<\/section>\n\t\t\t\t<section class=\"elementor-section elementor-top-section elementor-element elementor-element-2ce7454 elementor-section-boxed elementor-section-height-default elementor-section-height-default\" data-id=\"2ce7454\" data-element_type=\"section\">\n\t\t\t\t\t\t<div class=\"elementor-container elementor-column-gap-default\">\n\t\t\t\t\t\t\t<div class=\"elementor-row\">\n\t\t\t\t\t<div class=\"elementor-column elementor-col-100 elementor-top-column elementor-element elementor-element-f0e5405\" data-id=\"f0e5405\" data-element_type=\"column\">\n\t\t\t<div class=\"elementor-column-wrap elementor-element-populated\">\n\t\t\t\t\t\t\t<div class=\"elementor-widget-wrap\">\n\t\t\t\t\t\t<div class=\"elementor-element elementor-element-f37e785 elementor-widget elementor-widget-text-editor\" data-id=\"f37e785\" data-element_type=\"widget\" data-widget_type=\"text-editor.default\">\n\t\t\t\t<div class=\"elementor-widget-container\">\n\t\t\t\t\t<div class=\"elementor-text-editor elementor-clearfix\"><p>This images showcased in this webstite represent the professional portfolio of Diego Quarone, art director and designer for different customers and businesses. <br>This site intends to show technical and artistitc experience only, not to take comercial credits. All images contained in this website shall retain their respective copyrights.<\/p><\/div>\n\t\t\t\t<\/div>\n\t\t\t\t<\/div>\n\t\t\t\t\t\t<\/div>\n\t\t\t\t\t<\/div>\n\t\t<\/div>\n\t\t\t\t\t\t\t\t<\/div>\n\t\t\t\t\t<\/div>\n\t\t<\/section>\n\t\t\t\t\t\t<\/div>\n\t\t\t\t\t\t<\/div>\n\t\t\t\t\t<\/div>\n\t\t","protected":false},"excerpt":{"rendered":"<p>Client: AUSTRAL MS Product: AUSTRAL MS Work: Branding \/ Graphic Design Date: JAN 2014 Austral MS es una empresa Argentina que fabrica monocascos modulares auto portantes de usos m\u00faltiples. BRANDING &amp; IDENTITY Austral MS fabrica monocascos modulares auto portantes de usos m\u00faltiples. Sus m\u00f3dulos pueden ser transportados por medio de veh\u00edculos todoterreno que luego de &hellip;<\/p>\n<p class=\"read-more\"> <a class=\"\" href=\"https:\/\/quarone.com.ar\/?page_id=1131\"> <span class=\"screen-reader-text\">Austral MS<\/span> Read More &raquo;<\/a><\/p>\n","protected":false},"author":1,"featured_media":1134,"parent":0,"menu_order":0,"comment_status":"closed","ping_status":"closed","template":"","meta":[],"_links":{"self":[{"href":"https:\/\/quarone.com.ar\/index.php?rest_route=\/wp\/v2\/pages\/1131"}],"collection":[{"href":"https:\/\/quarone.com.ar\/index.php?rest_route=\/wp\/v2\/pages"}],"about":[{"href":"https:\/\/quarone.com.ar\/index.php?rest_route=\/wp\/v2\/types\/page"}],"author":[{"embeddable":true,"href":"https:\/\/quarone.com.ar\/index.php?rest_route=\/wp\/v2\/users\/1"}],"replies":[{"embeddable":true,"href":"https:\/\/quarone.com.ar\/index.php?rest_route=%2Fwp%2Fv2%2Fcomments&post=1131"}],"version-history":[{"count":7,"href":"https:\/\/quarone.com.ar\/index.php?rest_route=\/wp\/v2\/pages\/1131\/revisions"}],"predecessor-version":[{"id":1553,"href":"https:\/\/quarone.com.ar\/index.php?rest_route=\/wp\/v2\/pages\/1131\/revisions\/1553"}],"wp:featuredmedia":[{"embeddable":true,"href":"https:\/\/quarone.com.ar\/index.php?rest_route=\/wp\/v2\/media\/1134"}],"wp:attachment":[{"href":"https:\/\/quarone.com.ar\/index.php?rest_route=%2Fwp%2Fv2%2Fmedia&parent=1131"}],"curies":[{"name":"wp","href":"https:\/\/api.w.org\/{rel}","templated":true}]}}