{"id":544,"date":"2020-08-08T22:00:57","date_gmt":"2020-08-08T22:00:57","guid":{"rendered":"http:\/\/quarone.com.ar\/?page_id=544"},"modified":"2021-02-23T21:29:18","modified_gmt":"2021-02-23T21:29:18","slug":"el-entretiempo","status":"publish","type":"page","link":"https:\/\/quarone.com.ar\/?page_id=544","title":{"rendered":"El Entretiempo"},"content":{"rendered":"\t\t<div data-elementor-type=\"wp-page\" data-elementor-id=\"544\" class=\"elementor elementor-544\" data-elementor-settings=\"[]\">\n\t\t\t\t\t\t<div class=\"elementor-inner\">\n\t\t\t\t\t\t\t<div class=\"elementor-section-wrap\">\n\t\t\t\t\t\t\t<section class=\"elementor-section elementor-top-section elementor-element elementor-element-51f2d97 elementor-section-height-min-height elementor-section-content-middle elementor-section-boxed elementor-section-height-default elementor-section-items-middle\" data-id=\"51f2d97\" data-element_type=\"section\" data-settings=\"{&quot;background_background&quot;:&quot;gradient&quot;}\">\n\t\t\t\t\t\t\t<div class=\"elementor-background-overlay\"><\/div>\n\t\t\t\t\t\t\t<div class=\"elementor-container elementor-column-gap-default\">\n\t\t\t\t\t\t\t<div class=\"elementor-row\">\n\t\t\t\t\t<div class=\"elementor-column elementor-col-100 elementor-top-column elementor-element elementor-element-9a980f2\" data-id=\"9a980f2\" data-element_type=\"column\">\n\t\t\t<div class=\"elementor-column-wrap elementor-element-populated\">\n\t\t\t\t\t\t\t<div class=\"elementor-widget-wrap\">\n\t\t\t\t\t\t<div class=\"elementor-element elementor-element-c1cfda1 elementor-widget elementor-widget-spacer\" data-id=\"c1cfda1\" data-element_type=\"widget\" data-widget_type=\"spacer.default\">\n\t\t\t\t<div class=\"elementor-widget-container\">\n\t\t\t\t\t<div class=\"elementor-spacer\">\n\t\t\t<div class=\"elementor-spacer-inner\"><\/div>\n\t\t<\/div>\n\t\t\t\t<\/div>\n\t\t\t\t<\/div>\n\t\t\t\t<div class=\"elementor-element elementor-element-72a09c4 elementor-aspect-ratio-169 elementor-widget elementor-widget-video\" data-id=\"72a09c4\" data-element_type=\"widget\" data-settings=\"{&quot;show_image_overlay&quot;:&quot;yes&quot;,&quot;image_overlay&quot;:{&quot;url&quot;:&quot;http:\\\/\\\/quarone.com.ar\\\/wp-content\\\/uploads\\\/2020\\\/10\\\/EL_ENTRETIEMPO-06.jpg&quot;,&quot;id&quot;:279},&quot;lightbox&quot;:&quot;yes&quot;,&quot;video_type&quot;:&quot;hosted&quot;,&quot;lightbox_content_animation&quot;:&quot;fadeIn&quot;,&quot;controls&quot;:&quot;yes&quot;,&quot;aspect_ratio&quot;:&quot;169&quot;}\" data-widget_type=\"video.default\">\n\t\t\t\t<div class=\"elementor-widget-container\">\n\t\t\t\t\t<div class=\"e-hosted-video elementor-wrapper elementor-open-lightbox\">\n\t\t\t\t\t\t\t<div class=\"elementor-custom-embed-image-overlay\" data-elementor-open-lightbox=\"yes\" data-elementor-lightbox=\"{&quot;type&quot;:&quot;video&quot;,&quot;videoType&quot;:&quot;hosted&quot;,&quot;url&quot;:&quot;http:\\\/\\\/quarone.com.ar\\\/wp-content\\\/uploads\\\/2020\\\/10\\\/EL_ENTRETIEMPO-Opening-HD.mp4&quot;,&quot;modalOptions&quot;:{&quot;id&quot;:&quot;elementor-lightbox-72a09c4&quot;,&quot;entranceAnimation&quot;:&quot;fadeIn&quot;,&quot;entranceAnimation_tablet&quot;:&quot;&quot;,&quot;entranceAnimation_mobile&quot;:&quot;&quot;,&quot;videoAspectRatio&quot;:&quot;169&quot;},&quot;videoParams&quot;:{&quot;controls&quot;:&quot;&quot;,&quot;controlsList&quot;:&quot;nodownload&quot;}}\">\n\t\t\t\t\t\t\t\t\t\t\t<img width=\"1920\" height=\"1080\" src=\"https:\/\/quarone.com.ar\/wp-content\/uploads\/2020\/10\/EL_ENTRETIEMPO-06.jpg\" class=\"attachment-full size-full\" alt=\"\" loading=\"lazy\" srcset=\"https:\/\/quarone.com.ar\/wp-content\/uploads\/2020\/10\/EL_ENTRETIEMPO-06.jpg 1920w, https:\/\/quarone.com.ar\/wp-content\/uploads\/2020\/10\/EL_ENTRETIEMPO-06-300x169.jpg 300w, https:\/\/quarone.com.ar\/wp-content\/uploads\/2020\/10\/EL_ENTRETIEMPO-06-1024x576.jpg 1024w, https:\/\/quarone.com.ar\/wp-content\/uploads\/2020\/10\/EL_ENTRETIEMPO-06-768x432.jpg 768w, https:\/\/quarone.com.ar\/wp-content\/uploads\/2020\/10\/EL_ENTRETIEMPO-06-1536x864.jpg 1536w\" sizes=\"(max-width: 1920px) 100vw, 1920px\" \/>\t\t\t\t\t\t\t\t\t\t\t\t\t\t\t\t<div class=\"elementor-custom-embed-play\" role=\"button\">\n\t\t\t\t\t\t\t<i class=\"eicon-play\" aria-hidden=\"true\"><\/i>\n\t\t\t\t\t\t\t<span class=\"elementor-screen-only\">Play Video<\/span>\n\t\t\t\t\t\t<\/div>\n\t\t\t\t\t\t\t\t\t<\/div>\n\t\t\t\t\t<\/div>\n\t\t\t\t<\/div>\n\t\t\t\t<\/div>\n\t\t\t\t\t\t<\/div>\n\t\t\t\t\t<\/div>\n\t\t<\/div>\n\t\t\t\t\t\t\t\t<\/div>\n\t\t\t\t\t<\/div>\n\t\t<\/section>\n\t\t\t\t<section class=\"elementor-section elementor-top-section elementor-element elementor-element-7d9f696 elementor-section-height-min-height elementor-section-boxed elementor-section-height-default elementor-section-items-middle\" data-id=\"7d9f696\" data-element_type=\"section\">\n\t\t\t\t\t\t<div class=\"elementor-container elementor-column-gap-default\">\n\t\t\t\t\t\t\t<div class=\"elementor-row\">\n\t\t\t\t\t<div class=\"elementor-column elementor-col-100 elementor-top-column elementor-element elementor-element-27d3fd5\" data-id=\"27d3fd5\" data-element_type=\"column\">\n\t\t\t<div class=\"elementor-column-wrap elementor-element-populated\">\n\t\t\t\t\t\t\t<div class=\"elementor-widget-wrap\">\n\t\t\t\t\t\t<section class=\"elementor-section elementor-inner-section elementor-element elementor-element-c74b0b3 elementor-section-boxed elementor-section-height-default elementor-section-height-default\" data-id=\"c74b0b3\" data-element_type=\"section\">\n\t\t\t\t\t\t<div class=\"elementor-container elementor-column-gap-default\">\n\t\t\t\t\t\t\t<div class=\"elementor-row\">\n\t\t\t\t\t<div class=\"elementor-column elementor-col-25 elementor-inner-column elementor-element elementor-element-e50b900\" data-id=\"e50b900\" data-element_type=\"column\">\n\t\t\t<div class=\"elementor-column-wrap elementor-element-populated\">\n\t\t\t\t\t\t\t<div class=\"elementor-widget-wrap\">\n\t\t\t\t\t\t<div class=\"elementor-element elementor-element-2da9561 elementor-widget elementor-widget-text-editor\" data-id=\"2da9561\" data-element_type=\"widget\" data-widget_type=\"text-editor.default\">\n\t\t\t\t<div class=\"elementor-widget-container\">\n\t\t\t\t\t<div class=\"elementor-text-editor elementor-clearfix\"><p>Client:<\/p><\/div>\n\t\t\t\t<\/div>\n\t\t\t\t<\/div>\n\t\t\t\t<div class=\"elementor-element elementor-element-4534911 elementor-widget elementor-widget-heading\" data-id=\"4534911\" data-element_type=\"widget\" data-widget_type=\"heading.default\">\n\t\t\t\t<div class=\"elementor-widget-container\">\n\t\t\t<h6 class=\"elementor-heading-title elementor-size-default\">BOURKE \/ ESPN \/ SCOTIABANK<\/h6>\t\t<\/div>\n\t\t\t\t<\/div>\n\t\t\t\t\t\t<\/div>\n\t\t\t\t\t<\/div>\n\t\t<\/div>\n\t\t\t\t<div class=\"elementor-column elementor-col-25 elementor-inner-column elementor-element elementor-element-0cef98c\" data-id=\"0cef98c\" data-element_type=\"column\">\n\t\t\t<div class=\"elementor-column-wrap elementor-element-populated\">\n\t\t\t\t\t\t\t<div class=\"elementor-widget-wrap\">\n\t\t\t\t\t\t<div class=\"elementor-element elementor-element-947809b elementor-widget elementor-widget-text-editor\" data-id=\"947809b\" data-element_type=\"widget\" data-widget_type=\"text-editor.default\">\n\t\t\t\t<div class=\"elementor-widget-container\">\n\t\t\t\t\t<div class=\"elementor-text-editor elementor-clearfix\"><p>Product:<\/p><\/div>\n\t\t\t\t<\/div>\n\t\t\t\t<\/div>\n\t\t\t\t<div class=\"elementor-element elementor-element-ad0ed46 elementor-widget elementor-widget-heading\" data-id=\"ad0ed46\" data-element_type=\"widget\" data-widget_type=\"heading.default\">\n\t\t\t\t<div class=\"elementor-widget-container\">\n\t\t\t<h6 class=\"elementor-heading-title elementor-size-default\">EL ENTRETIEMPO<\/h6>\t\t<\/div>\n\t\t\t\t<\/div>\n\t\t\t\t\t\t<\/div>\n\t\t\t\t\t<\/div>\n\t\t<\/div>\n\t\t\t\t<div class=\"elementor-column elementor-col-25 elementor-inner-column elementor-element elementor-element-2d26662\" data-id=\"2d26662\" data-element_type=\"column\">\n\t\t\t<div class=\"elementor-column-wrap elementor-element-populated\">\n\t\t\t\t\t\t\t<div class=\"elementor-widget-wrap\">\n\t\t\t\t\t\t<div class=\"elementor-element elementor-element-57c547a elementor-widget elementor-widget-text-editor\" data-id=\"57c547a\" data-element_type=\"widget\" data-widget_type=\"text-editor.default\">\n\t\t\t\t<div class=\"elementor-widget-container\">\n\t\t\t\t\t<div class=\"elementor-text-editor elementor-clearfix\"><p>Work:<\/p><\/div>\n\t\t\t\t<\/div>\n\t\t\t\t<\/div>\n\t\t\t\t<div class=\"elementor-element elementor-element-5cfbde4 elementor-widget elementor-widget-heading\" data-id=\"5cfbde4\" data-element_type=\"widget\" data-widget_type=\"heading.default\">\n\t\t\t\t<div class=\"elementor-widget-container\">\n\t\t\t<h6 class=\"elementor-heading-title elementor-size-default\">OPENING TITLES<\/h6>\t\t<\/div>\n\t\t\t\t<\/div>\n\t\t\t\t\t\t<\/div>\n\t\t\t\t\t<\/div>\n\t\t<\/div>\n\t\t\t\t<div class=\"elementor-column elementor-col-25 elementor-inner-column elementor-element elementor-element-07530a1\" data-id=\"07530a1\" data-element_type=\"column\">\n\t\t\t<div class=\"elementor-column-wrap elementor-element-populated\">\n\t\t\t\t\t\t\t<div class=\"elementor-widget-wrap\">\n\t\t\t\t\t\t<div class=\"elementor-element elementor-element-7cebac4 elementor-widget elementor-widget-text-editor\" data-id=\"7cebac4\" data-element_type=\"widget\" data-widget_type=\"text-editor.default\">\n\t\t\t\t<div class=\"elementor-widget-container\">\n\t\t\t\t\t<div class=\"elementor-text-editor elementor-clearfix\"><p>Date:<\/p><\/div>\n\t\t\t\t<\/div>\n\t\t\t\t<\/div>\n\t\t\t\t<div class=\"elementor-element elementor-element-0ed3c8e elementor-widget elementor-widget-heading\" data-id=\"0ed3c8e\" data-element_type=\"widget\" data-widget_type=\"heading.default\">\n\t\t\t\t<div class=\"elementor-widget-container\">\n\t\t\t<h6 class=\"elementor-heading-title elementor-size-default\">AGO 2020<\/h6>\t\t<\/div>\n\t\t\t\t<\/div>\n\t\t\t\t\t\t<\/div>\n\t\t\t\t\t<\/div>\n\t\t<\/div>\n\t\t\t\t\t\t\t\t<\/div>\n\t\t\t\t\t<\/div>\n\t\t<\/section>\n\t\t\t\t<div class=\"elementor-element elementor-element-00284ce elementor-widget elementor-widget-text-editor\" data-id=\"00284ce\" data-element_type=\"widget\" data-widget_type=\"text-editor.default\">\n\t\t\t\t<div class=\"elementor-widget-container\">\n\t\t\t\t\t<div class=\"elementor-text-editor elementor-clearfix\"><h4 style=\"text-align: center;\"><span style=\"color: #999999;\">ESPN y Scotiabank, como parte de su plataforma Scotiabank F\u00fatbol Club, se unen para crear El Entretiempo, un espacio digital conducido por Fernando Palomo y Andrea Guerrero, quienes conversar\u00e1n con diferentes l\u00edderes sobre f\u00fatbol, los valores que ense\u00f1a y su capacidad para transformar a las personas y construir comunidades m\u00e1s fuertes y vibrantes.<\/span><\/h4><\/div>\n\t\t\t\t<\/div>\n\t\t\t\t<\/div>\n\t\t\t\t\t\t<\/div>\n\t\t\t\t\t<\/div>\n\t\t<\/div>\n\t\t\t\t\t\t\t\t<\/div>\n\t\t\t\t\t<\/div>\n\t\t<\/section>\n\t\t\t\t<section class=\"elementor-section elementor-top-section elementor-element elementor-element-7646cef elementor-section-height-min-height elementor-section-items-stretch elementor-section-boxed elementor-section-height-default\" data-id=\"7646cef\" data-element_type=\"section\" data-settings=\"{&quot;background_background&quot;:&quot;classic&quot;}\">\n\t\t\t\t\t\t\t<div class=\"elementor-background-overlay\"><\/div>\n\t\t\t\t\t\t\t<div class=\"elementor-container elementor-column-gap-default\">\n\t\t\t\t\t\t\t<div class=\"elementor-row\">\n\t\t\t\t\t<div class=\"elementor-column elementor-col-100 elementor-top-column elementor-element elementor-element-ad87dba\" data-id=\"ad87dba\" data-element_type=\"column\">\n\t\t\t<div class=\"elementor-column-wrap elementor-element-populated\">\n\t\t\t\t\t\t\t<div class=\"elementor-widget-wrap\">\n\t\t\t\t\t\t<div class=\"elementor-element elementor-element-7f1780a elementor-widget elementor-widget-image\" data-id=\"7f1780a\" data-element_type=\"widget\" data-widget_type=\"image.default\">\n\t\t\t\t<div class=\"elementor-widget-container\">\n\t\t\t\t\t<div class=\"elementor-image\">\n\t\t\t\t\t\t\t\t\t\t<img width=\"1200\" height=\"995\" src=\"https:\/\/quarone.com.ar\/wp-content\/uploads\/2020\/10\/EL_ENTRETIEMPO-01.jpg\" class=\"attachment-full size-full\" alt=\"\" loading=\"lazy\" srcset=\"https:\/\/quarone.com.ar\/wp-content\/uploads\/2020\/10\/EL_ENTRETIEMPO-01.jpg 1200w, https:\/\/quarone.com.ar\/wp-content\/uploads\/2020\/10\/EL_ENTRETIEMPO-01-300x249.jpg 300w, https:\/\/quarone.com.ar\/wp-content\/uploads\/2020\/10\/EL_ENTRETIEMPO-01-1024x849.jpg 1024w, https:\/\/quarone.com.ar\/wp-content\/uploads\/2020\/10\/EL_ENTRETIEMPO-01-768x637.jpg 768w\" sizes=\"(max-width: 1200px) 100vw, 1200px\" \/>\t\t\t\t\t\t\t\t\t\t\t<\/div>\n\t\t\t\t<\/div>\n\t\t\t\t<\/div>\n\t\t\t\t<section class=\"elementor-section elementor-inner-section elementor-element elementor-element-3c62746 elementor-section-boxed elementor-section-height-default elementor-section-height-default\" data-id=\"3c62746\" data-element_type=\"section\">\n\t\t\t\t\t\t<div class=\"elementor-container elementor-column-gap-default\">\n\t\t\t\t\t\t\t<div class=\"elementor-row\">\n\t\t\t\t\t<div class=\"elementor-column elementor-col-100 elementor-inner-column elementor-element elementor-element-2bee892\" data-id=\"2bee892\" data-element_type=\"column\">\n\t\t\t<div class=\"elementor-column-wrap elementor-element-populated\">\n\t\t\t\t\t\t\t<div class=\"elementor-widget-wrap\">\n\t\t\t\t\t\t<div class=\"elementor-element elementor-element-48d14eb elementor-widget-divider--view-line elementor-widget elementor-widget-divider\" data-id=\"48d14eb\" data-element_type=\"widget\" data-widget_type=\"divider.default\">\n\t\t\t\t<div class=\"elementor-widget-container\">\n\t\t\t\t\t<div class=\"elementor-divider\">\n\t\t\t<span class=\"elementor-divider-separator\">\n\t\t\t\t\t\t<\/span>\n\t\t<\/div>\n\t\t\t\t<\/div>\n\t\t\t\t<\/div>\n\t\t\t\t\t\t<\/div>\n\t\t\t\t\t<\/div>\n\t\t<\/div>\n\t\t\t\t\t\t\t\t<\/div>\n\t\t\t\t\t<\/div>\n\t\t<\/section>\n\t\t\t\t<section class=\"elementor-section elementor-inner-section elementor-element elementor-element-41ac5a9 elementor-section-boxed elementor-section-height-default elementor-section-height-default\" data-id=\"41ac5a9\" data-element_type=\"section\">\n\t\t\t\t\t\t<div class=\"elementor-container elementor-column-gap-default\">\n\t\t\t\t\t\t\t<div class=\"elementor-row\">\n\t\t\t\t\t<div class=\"elementor-column elementor-col-33 elementor-inner-column elementor-element elementor-element-324f57e\" data-id=\"324f57e\" data-element_type=\"column\">\n\t\t\t<div class=\"elementor-column-wrap elementor-element-populated\">\n\t\t\t\t\t\t\t<div class=\"elementor-widget-wrap\">\n\t\t\t\t\t\t<div class=\"elementor-element elementor-element-14f436c elementor-widget elementor-widget-image\" data-id=\"14f436c\" data-element_type=\"widget\" data-widget_type=\"image.default\">\n\t\t\t\t<div class=\"elementor-widget-container\">\n\t\t\t\t\t<div class=\"elementor-image\">\n\t\t\t\t\t\t\t\t\t\t<img width=\"1024\" height=\"576\" src=\"https:\/\/quarone.com.ar\/wp-content\/uploads\/2020\/10\/EL_ENTRETIEMPO-02-1024x576.jpg\" class=\"attachment-large size-large\" alt=\"\" loading=\"lazy\" srcset=\"https:\/\/quarone.com.ar\/wp-content\/uploads\/2020\/10\/EL_ENTRETIEMPO-02-1024x576.jpg 1024w, https:\/\/quarone.com.ar\/wp-content\/uploads\/2020\/10\/EL_ENTRETIEMPO-02-300x169.jpg 300w, https:\/\/quarone.com.ar\/wp-content\/uploads\/2020\/10\/EL_ENTRETIEMPO-02-768x432.jpg 768w, https:\/\/quarone.com.ar\/wp-content\/uploads\/2020\/10\/EL_ENTRETIEMPO-02-1536x864.jpg 1536w, https:\/\/quarone.com.ar\/wp-content\/uploads\/2020\/10\/EL_ENTRETIEMPO-02.jpg 1920w\" sizes=\"(max-width: 1024px) 100vw, 1024px\" \/>\t\t\t\t\t\t\t\t\t\t\t<\/div>\n\t\t\t\t<\/div>\n\t\t\t\t<\/div>\n\t\t\t\t\t\t<\/div>\n\t\t\t\t\t<\/div>\n\t\t<\/div>\n\t\t\t\t<div class=\"elementor-column elementor-col-33 elementor-inner-column elementor-element elementor-element-e0d6f38\" data-id=\"e0d6f38\" data-element_type=\"column\">\n\t\t\t<div class=\"elementor-column-wrap elementor-element-populated\">\n\t\t\t\t\t\t\t<div class=\"elementor-widget-wrap\">\n\t\t\t\t\t\t<div class=\"elementor-element elementor-element-d6a3384 elementor-widget elementor-widget-image\" data-id=\"d6a3384\" data-element_type=\"widget\" data-widget_type=\"image.default\">\n\t\t\t\t<div class=\"elementor-widget-container\">\n\t\t\t\t\t<div class=\"elementor-image\">\n\t\t\t\t\t\t\t\t\t\t<img width=\"1024\" height=\"576\" src=\"https:\/\/quarone.com.ar\/wp-content\/uploads\/2020\/10\/EL_ENTRETIEMPO-03-1024x576.jpg\" class=\"attachment-large size-large\" alt=\"\" loading=\"lazy\" srcset=\"https:\/\/quarone.com.ar\/wp-content\/uploads\/2020\/10\/EL_ENTRETIEMPO-03-1024x576.jpg 1024w, https:\/\/quarone.com.ar\/wp-content\/uploads\/2020\/10\/EL_ENTRETIEMPO-03-300x169.jpg 300w, https:\/\/quarone.com.ar\/wp-content\/uploads\/2020\/10\/EL_ENTRETIEMPO-03-768x432.jpg 768w, https:\/\/quarone.com.ar\/wp-content\/uploads\/2020\/10\/EL_ENTRETIEMPO-03-1536x864.jpg 1536w, https:\/\/quarone.com.ar\/wp-content\/uploads\/2020\/10\/EL_ENTRETIEMPO-03.jpg 1920w\" sizes=\"(max-width: 1024px) 100vw, 1024px\" \/>\t\t\t\t\t\t\t\t\t\t\t<\/div>\n\t\t\t\t<\/div>\n\t\t\t\t<\/div>\n\t\t\t\t\t\t<\/div>\n\t\t\t\t\t<\/div>\n\t\t<\/div>\n\t\t\t\t<div class=\"elementor-column elementor-col-33 elementor-inner-column elementor-element elementor-element-430a3ae\" data-id=\"430a3ae\" data-element_type=\"column\">\n\t\t\t<div class=\"elementor-column-wrap elementor-element-populated\">\n\t\t\t\t\t\t\t<div class=\"elementor-widget-wrap\">\n\t\t\t\t\t\t<div class=\"elementor-element elementor-element-e52514a elementor-widget elementor-widget-image\" data-id=\"e52514a\" data-element_type=\"widget\" data-widget_type=\"image.default\">\n\t\t\t\t<div class=\"elementor-widget-container\">\n\t\t\t\t\t<div class=\"elementor-image\">\n\t\t\t\t\t\t\t\t\t\t<img width=\"1024\" height=\"576\" src=\"https:\/\/quarone.com.ar\/wp-content\/uploads\/2020\/10\/EL_ENTRETIEMPO-04-1024x576.jpg\" class=\"attachment-large size-large\" alt=\"\" loading=\"lazy\" srcset=\"https:\/\/quarone.com.ar\/wp-content\/uploads\/2020\/10\/EL_ENTRETIEMPO-04-1024x576.jpg 1024w, https:\/\/quarone.com.ar\/wp-content\/uploads\/2020\/10\/EL_ENTRETIEMPO-04-300x169.jpg 300w, https:\/\/quarone.com.ar\/wp-content\/uploads\/2020\/10\/EL_ENTRETIEMPO-04-768x432.jpg 768w, https:\/\/quarone.com.ar\/wp-content\/uploads\/2020\/10\/EL_ENTRETIEMPO-04-1536x864.jpg 1536w, https:\/\/quarone.com.ar\/wp-content\/uploads\/2020\/10\/EL_ENTRETIEMPO-04.jpg 1920w\" sizes=\"(max-width: 1024px) 100vw, 1024px\" \/>\t\t\t\t\t\t\t\t\t\t\t<\/div>\n\t\t\t\t<\/div>\n\t\t\t\t<\/div>\n\t\t\t\t\t\t<\/div>\n\t\t\t\t\t<\/div>\n\t\t<\/div>\n\t\t\t\t\t\t\t\t<\/div>\n\t\t\t\t\t<\/div>\n\t\t<\/section>\n\t\t\t\t<section class=\"elementor-section elementor-inner-section elementor-element elementor-element-2b3de6b elementor-section-boxed elementor-section-height-default elementor-section-height-default\" data-id=\"2b3de6b\" data-element_type=\"section\">\n\t\t\t\t\t\t<div class=\"elementor-container elementor-column-gap-default\">\n\t\t\t\t\t\t\t<div class=\"elementor-row\">\n\t\t\t\t\t<div class=\"elementor-column elementor-col-50 elementor-inner-column elementor-element elementor-element-42a0ef2\" data-id=\"42a0ef2\" data-element_type=\"column\">\n\t\t\t<div class=\"elementor-column-wrap elementor-element-populated\">\n\t\t\t\t\t\t\t<div class=\"elementor-widget-wrap\">\n\t\t\t\t\t\t<div class=\"elementor-element elementor-element-aaaf9d8 elementor-widget elementor-widget-image\" data-id=\"aaaf9d8\" data-element_type=\"widget\" data-widget_type=\"image.default\">\n\t\t\t\t<div class=\"elementor-widget-container\">\n\t\t\t\t\t<div class=\"elementor-image\">\n\t\t\t\t\t\t\t\t\t\t<img width=\"1024\" height=\"576\" src=\"https:\/\/quarone.com.ar\/wp-content\/uploads\/2020\/10\/EL_ENTRETIEMPO-05-1024x576.jpg\" class=\"attachment-large size-large\" alt=\"\" loading=\"lazy\" srcset=\"https:\/\/quarone.com.ar\/wp-content\/uploads\/2020\/10\/EL_ENTRETIEMPO-05-1024x576.jpg 1024w, https:\/\/quarone.com.ar\/wp-content\/uploads\/2020\/10\/EL_ENTRETIEMPO-05-300x169.jpg 300w, https:\/\/quarone.com.ar\/wp-content\/uploads\/2020\/10\/EL_ENTRETIEMPO-05-768x432.jpg 768w, https:\/\/quarone.com.ar\/wp-content\/uploads\/2020\/10\/EL_ENTRETIEMPO-05-1536x864.jpg 1536w, https:\/\/quarone.com.ar\/wp-content\/uploads\/2020\/10\/EL_ENTRETIEMPO-05.jpg 1920w\" sizes=\"(max-width: 1024px) 100vw, 1024px\" \/>\t\t\t\t\t\t\t\t\t\t\t<\/div>\n\t\t\t\t<\/div>\n\t\t\t\t<\/div>\n\t\t\t\t\t\t<\/div>\n\t\t\t\t\t<\/div>\n\t\t<\/div>\n\t\t\t\t<div class=\"elementor-column elementor-col-50 elementor-inner-column elementor-element elementor-element-419e4b5\" data-id=\"419e4b5\" data-element_type=\"column\">\n\t\t\t<div class=\"elementor-column-wrap elementor-element-populated\">\n\t\t\t\t\t\t\t<div class=\"elementor-widget-wrap\">\n\t\t\t\t\t\t<div class=\"elementor-element elementor-element-c649905 elementor-widget elementor-widget-image\" data-id=\"c649905\" data-element_type=\"widget\" data-widget_type=\"image.default\">\n\t\t\t\t<div class=\"elementor-widget-container\">\n\t\t\t\t\t<div class=\"elementor-image\">\n\t\t\t\t\t\t\t\t\t\t<img width=\"1024\" height=\"576\" src=\"https:\/\/quarone.com.ar\/wp-content\/uploads\/2020\/10\/EL_ENTRETIEMPO-06-1024x576.jpg\" class=\"attachment-large size-large\" alt=\"\" loading=\"lazy\" srcset=\"https:\/\/quarone.com.ar\/wp-content\/uploads\/2020\/10\/EL_ENTRETIEMPO-06-1024x576.jpg 1024w, https:\/\/quarone.com.ar\/wp-content\/uploads\/2020\/10\/EL_ENTRETIEMPO-06-300x169.jpg 300w, https:\/\/quarone.com.ar\/wp-content\/uploads\/2020\/10\/EL_ENTRETIEMPO-06-768x432.jpg 768w, https:\/\/quarone.com.ar\/wp-content\/uploads\/2020\/10\/EL_ENTRETIEMPO-06-1536x864.jpg 1536w, https:\/\/quarone.com.ar\/wp-content\/uploads\/2020\/10\/EL_ENTRETIEMPO-06.jpg 1920w\" sizes=\"(max-width: 1024px) 100vw, 1024px\" \/>\t\t\t\t\t\t\t\t\t\t\t<\/div>\n\t\t\t\t<\/div>\n\t\t\t\t<\/div>\n\t\t\t\t\t\t<\/div>\n\t\t\t\t\t<\/div>\n\t\t<\/div>\n\t\t\t\t\t\t\t\t<\/div>\n\t\t\t\t\t<\/div>\n\t\t<\/section>\n\t\t\t\t<div class=\"elementor-element elementor-element-84b8748 elementor-widget-divider--view-line elementor-widget elementor-widget-divider\" data-id=\"84b8748\" data-element_type=\"widget\" data-widget_type=\"divider.default\">\n\t\t\t\t<div class=\"elementor-widget-container\">\n\t\t\t\t\t<div class=\"elementor-divider\">\n\t\t\t<span class=\"elementor-divider-separator\">\n\t\t\t\t\t\t<\/span>\n\t\t<\/div>\n\t\t\t\t<\/div>\n\t\t\t\t<\/div>\n\t\t\t\t\t\t<\/div>\n\t\t\t\t\t<\/div>\n\t\t<\/div>\n\t\t\t\t\t\t\t\t<\/div>\n\t\t\t\t\t<\/div>\n\t\t<\/section>\n\t\t\t\t<section class=\"elementor-section elementor-top-section elementor-element elementor-element-e954ff8 elementor-section-boxed elementor-section-height-default elementor-section-height-default\" data-id=\"e954ff8\" data-element_type=\"section\">\n\t\t\t\t\t\t<div class=\"elementor-container elementor-column-gap-default\">\n\t\t\t\t\t\t\t<div class=\"elementor-row\">\n\t\t\t\t\t<div class=\"elementor-column elementor-col-100 elementor-top-column elementor-element elementor-element-d175edb\" data-id=\"d175edb\" data-element_type=\"column\">\n\t\t\t<div class=\"elementor-column-wrap elementor-element-populated\">\n\t\t\t\t\t\t\t<div class=\"elementor-widget-wrap\">\n\t\t\t\t\t\t<div class=\"elementor-element elementor-element-b48f491 elementor-widget elementor-widget-text-editor\" data-id=\"b48f491\" data-element_type=\"widget\" data-widget_type=\"text-editor.default\">\n\t\t\t\t<div class=\"elementor-widget-container\">\n\t\t\t\t\t<div class=\"elementor-text-editor elementor-clearfix\"><p>This images showcased in this webstite represent the professional portfolio of Diego Quarone, art director and designer for different customers and businesses. <br \/>This site intends to show technical and artistitc experience only, not to take comercial credits. All images contained in this website shall retain their respective copyrights. \u00a9 2020 ESPN, All rights reserved.<\/p><\/div>\n\t\t\t\t<\/div>\n\t\t\t\t<\/div>\n\t\t\t\t\t\t<\/div>\n\t\t\t\t\t<\/div>\n\t\t<\/div>\n\t\t\t\t\t\t\t\t<\/div>\n\t\t\t\t\t<\/div>\n\t\t<\/section>\n\t\t\t\t\t\t<\/div>\n\t\t\t\t\t\t<\/div>\n\t\t\t\t\t<\/div>\n\t\t","protected":false},"excerpt":{"rendered":"<p>http:\/\/quarone.com.ar\/wp-content\/uploads\/2020\/10\/EL_ENTRETIEMPO-Opening-HD.mp4 Client: BOURKE \/ ESPN \/ SCOTIABANK Product: EL ENTRETIEMPO Work: OPENING TITLES Date: AGO 2020 ESPN y Scotiabank, como parte de su plataforma Scotiabank F\u00fatbol Club, se unen para crear El Entretiempo, un espacio digital conducido por Fernando Palomo y Andrea Guerrero, quienes conversar\u00e1n con diferentes l\u00edderes sobre f\u00fatbol, los valores que ense\u00f1a y &hellip;<\/p>\n<p class=\"read-more\"> <a class=\"\" href=\"https:\/\/quarone.com.ar\/?page_id=544\"> <span class=\"screen-reader-text\">El Entretiempo<\/span> Read More &raquo;<\/a><\/p>\n","protected":false},"author":1,"featured_media":280,"parent":0,"menu_order":0,"comment_status":"closed","ping_status":"closed","template":"","meta":[],"_links":{"self":[{"href":"https:\/\/quarone.com.ar\/index.php?rest_route=\/wp\/v2\/pages\/544"}],"collection":[{"href":"https:\/\/quarone.com.ar\/index.php?rest_route=\/wp\/v2\/pages"}],"about":[{"href":"https:\/\/quarone.com.ar\/index.php?rest_route=\/wp\/v2\/types\/page"}],"author":[{"embeddable":true,"href":"https:\/\/quarone.com.ar\/index.php?rest_route=\/wp\/v2\/users\/1"}],"replies":[{"embeddable":true,"href":"https:\/\/quarone.com.ar\/index.php?rest_route=%2Fwp%2Fv2%2Fcomments&post=544"}],"version-history":[{"count":13,"href":"https:\/\/quarone.com.ar\/index.php?rest_route=\/wp\/v2\/pages\/544\/revisions"}],"predecessor-version":[{"id":1816,"href":"https:\/\/quarone.com.ar\/index.php?rest_route=\/wp\/v2\/pages\/544\/revisions\/1816"}],"wp:featuredmedia":[{"embeddable":true,"href":"https:\/\/quarone.com.ar\/index.php?rest_route=\/wp\/v2\/media\/280"}],"wp:attachment":[{"href":"https:\/\/quarone.com.ar\/index.php?rest_route=%2Fwp%2Fv2%2Fmedia&parent=544"}],"curies":[{"name":"wp","href":"https:\/\/api.w.org\/{rel}","templated":true}]}}